{"id":31278,"date":"2026-02-25T10:35:25","date_gmt":"2026-02-25T10:35:25","guid":{"rendered":"https:\/\/vincio-es.com\/?page_id=31278"},"modified":"2026-03-09T13:15:22","modified_gmt":"2026-03-09T13:15:22","slug":"test-hero-slider-2","status":"publish","type":"page","link":"https:\/\/vincio-es.com\/en\/test-hero-slider-2\/","title":{"rendered":"Test hero slider 2"},"content":{"rendered":"\t\t<div data-elementor-type=\"wp-page\" data-elementor-id=\"31278\" class=\"elementor elementor-31278\" data-elementor-post-type=\"page\">\n\t\t\t\t<div class=\"elementor-element elementor-element-daf38c8 e-flex e-con-boxed e-con e-parent\" data-id=\"daf38c8\" data-element_type=\"container\" data-e-type=\"container\">\n\t\t\t\t\t<div class=\"e-con-inner\">\n\t\t\t\t<div class=\"elementor-element elementor-element-c674099 elementor-widget__width-inherit elementor-hidden-desktop elementor-hidden-tablet elementor-widget elementor-widget-elementskit-advanced-slider\" data-id=\"c674099\" data-element_type=\"widget\" data-e-type=\"widget\" data-settings=\"{&quot;ekit_we_effect_on&quot;:&quot;none&quot;}\" data-widget_type=\"elementskit-advanced-slider.default\">\n\t\t\t\t\t<div class=\"ekit-wid-con\" >\n\t\t<div class=\"elementskit-advanced-slider\" data-widget_settings=\"{&quot;type&quot;:&quot;advanced-slider&quot;,&quot;id&quot;:&quot;ekit-advanced-sliderc674099&quot;,&quot;sliderOptions&quot;:{&quot;slidesPerViewItem&quot;:1,&quot;spaceBetweenGap&quot;:0,&quot;sliderGrapCursor&quot;:&quot;&quot;,&quot;sliderDirectionType&quot;:&quot;horizontal&quot;,&quot;sliderMouseScroll&quot;:&quot;&quot;,&quot;sliderAutoPlay&quot;:&quot;&quot;,&quot;pauseOnMouseEnter&quot;:null,&quot;sliderEffect&quot;:&quot;default&quot;,&quot;sliderThumbsShow&quot;:&quot;&quot;,&quot;sliderThumbsOffset&quot;:null,&quot;sliderTabItems&quot;:[{&quot;ekit_slider_title&quot;:&quot;Slide One&quot;,&quot;_id&quot;:&quot;59589dc&quot;,&quot;ekit_slider_tab_content&quot;:&quot;c674099***1772022336169&quot;,&quot;ekit_slider_thumbs_image&quot;:{&quot;url&quot;:&quot;https:\\\/\\\/vincio-es.com\\\/wp-content\\\/plugins\\\/elementor\\\/assets\\\/images\\\/placeholder.png&quot;,&quot;id&quot;:&quot;&quot;,&quot;size&quot;:&quot;&quot;}},{&quot;_id&quot;:&quot;74e9500&quot;,&quot;ekit_slider_title&quot;:&quot;Slide Two&quot;,&quot;ekit_slider_thumbs_image&quot;:{&quot;url&quot;:&quot;https:\\\/\\\/vincio-es.com\\\/wp-content\\\/plugins\\\/elementor\\\/assets\\\/images\\\/placeholder.png&quot;,&quot;id&quot;:&quot;&quot;,&quot;size&quot;:&quot;&quot;},&quot;ekit_slider_tab_content&quot;:&quot;&quot;},{&quot;_id&quot;:&quot;9b967f6&quot;,&quot;ekit_slider_title&quot;:&quot;Slide Three&quot;,&quot;ekit_slider_tab_content&quot;:&quot;c674099***1773062082176&quot;,&quot;ekit_slider_thumbs_image&quot;:{&quot;url&quot;:&quot;https:\\\/\\\/vincio-es.com\\\/wp-content\\\/plugins\\\/elementor\\\/assets\\\/images\\\/placeholder.png&quot;,&quot;id&quot;:&quot;&quot;,&quot;size&quot;:&quot;&quot;}}],&quot;progressBar&quot;:null,&quot;speedTime&quot;:600,&quot;loopEnable&quot;:&quot;yes&quot;,&quot;autoPlayDelay&quot;:3000,&quot;keyboardControl&quot;:&quot;&quot;,&quot;breakpointsOption&quot;:{&quot;360&quot;:{&quot;slidesPerView&quot;:1,&quot;spaceBetween&quot;:0},&quot;767&quot;:{&quot;slidesPerView&quot;:1,&quot;spaceBetween&quot;:0},&quot;1024&quot;:{&quot;slidesPerView&quot;:1,&quot;spaceBetween&quot;:0}}}}\">\n\t\t\t<div class=\"ekit-main-swiper swiper ekit-slider-wrapper\" role=\"region\" aria-roledescription=\"carousel\" aria-label=\"Advanced Slider\" tabindex=\"0\" aria-live=\"polite\">\n\t\t\t\t<div class=\"swiper-wrapper ekit-swiper-wrapper\">\n\t\t\t\t\t\t\t\t\t\t\t<div class=\"swiper-slide ekit-swiper-slide elementor-repeater-item-59589dc\" role=\"group\" aria-roledescription=\"slide\" aria-hidden=\"true\">\n\t\t\t\t\t\t\t\n\t\t<div class=\"widgetarea_warper widgetarea_warper_editable\" data-elementskit-widgetarea-key=\"c674099\"  data-elementskit-widgetarea-index=\"59589dc\">\n\t\t\t\n\t\t\t\n\t\t\t\t\t\t\t\t<div class=\"ekit-widget-area-container\">\n\t\t\t\t\t\t\t<div data-elementor-type=\"wp-post\" data-elementor-id=\"31366\" class=\"elementor elementor-31366\" data-elementor-post-type=\"elementskit_content\">\n\t\t\t\t<div class=\"elementor-element elementor-element-e36aa13 e-flex e-con-boxed e-con e-parent\" data-id=\"e36aa13\" data-element_type=\"container\" data-e-type=\"container\">\n\t\t\t\t\t<div class=\"e-con-inner\">\n\t\t<div class=\"elementor-element elementor-element-da869af e-con-full e-flex e-con e-child\" data-id=\"da869af\" data-element_type=\"container\" data-e-type=\"container\">\n\t\t<div class=\"elementor-element elementor-element-0f45ff2 hero-section e-flex e-con-boxed e-con e-child\" data-id=\"0f45ff2\" data-element_type=\"container\" data-e-type=\"container\" data-settings=\"{&quot;background_background&quot;:&quot;video&quot;,&quot;background_video_link&quot;:&quot;https:\\\/\\\/vincio-es.com\\\/wp-content\\\/uploads\\\/2026\\\/03\\\/banniere-1-de-9-secondes-.mp4&quot;,&quot;background_play_on_mobile&quot;:&quot;yes&quot;,&quot;background_video_start&quot;:1}\">\n\t\t\t\t\t<div class=\"e-con-inner\">\n\t\t<div class=\"elementor-background-video-container\">\n\t\t\t\t\t\t\t<video class=\"elementor-background-video-hosted\" role=\"presentation\" autoplay muted playsinline loop><\/video>\n\t\t\t\t\t<\/div><div class=\"elementor-element elementor-element-990b3c9 e-con-full e-flex e-con e-child\" data-id=\"990b3c9\" data-element_type=\"container\" data-e-type=\"container\">\n\t\t\t\t<div class=\"elementor-element elementor-element-785ac5d elementor-widget elementor-widget-elementskit-fancy-animated-text\" data-id=\"785ac5d\" data-element_type=\"widget\" data-e-type=\"widget\" data-settings=\"{&quot;ekit_we_effect_on&quot;:&quot;none&quot;}\" data-widget_type=\"elementskit-fancy-animated-text.default\">\n\t\t\t\t<div class=\"elementor-widget-container\">\n\t\t\t\t\t<div class=\"ekit-wid-con\" >            <h1 class=\"ekit-fancy-text push\" data-id=\"785ac5d\" data-animation-settings=\"{&quot;animationStyle&quot;:&quot;animated&quot;,&quot;animationDelay&quot;:2000,&quot;loadingBar&quot;:3800,&quot;lettersDelay&quot;:50,&quot;typeLettersDelay&quot;:150,&quot;duration&quot;:500,&quot;revealDuration&quot;:600,&quot;revealAnimationDelay&quot;:1500}\">\n                \t\t\t<span class=\"ekit-fancy-prefix-text\">\n\t\t\t\tTOUS TYPES\t\t\t<\/span>\n\t\t\t\t\t\t<span class=\"ekit-fancy-text-lists \">\n\t\t\t\t\t\t\t\t\t\t<b class=\"ekit-fancy-text elementor-repeater-item-b9b00af is-visible\">D&#039;\u00c9QUIPEMENTS<\/b>\n\t\t\t\t\t\t\t\t\t\t<b class=\"ekit-fancy-text elementor-repeater-item-7c0a76c \">DE FOURNITURES<\/b>\n\t\t\t\t\t\t\t\t\t\t<b class=\"ekit-fancy-text elementor-repeater-item-f4ff63a \">DE MATI\u00c8RES PREMI\u00c8RES<\/b>\n\t\t\t\t\t\t\t\t\t<\/span>\n\t\t\t            <\/h1>\n        <\/div>\t\t\t\t<\/div>\n\t\t\t\t<\/div>\n\t\t\t\t<div class=\"elementor-element elementor-element-4cd3535 elementor-widget elementor-widget-elementskit-heading\" data-id=\"4cd3535\" data-element_type=\"widget\" data-e-type=\"widget\" data-settings=\"{&quot;ekit_we_effect_on&quot;:&quot;css&quot;}\" data-widget_type=\"elementskit-heading.default\">\n\t\t\t\t\t<div class=\"ekit-wid-con\" ><div class=\"ekit-heading elementskit-section-title-wraper text_left   ekit_heading_tablet-   ekit_heading_mobile-\"><h1 class=\"ekit-heading--title elementskit-section-title \">POUR TOUS TYPES D'INDUSTRIES<\/h1>\t\t\t\t<div class='ekit-heading__description'>\n\t\t\t\t\t<p>Votre interlocuteur unique pour des solutions industrielles cl\u00e9s en main.<\/p>\n\t\t\t\t<\/div>\n\t\t\t<\/div><\/div>\t\t\t\t<\/div>\n\t\t<div class=\"elementor-element elementor-element-93fc454 e-con-full e-flex e-con e-child\" data-id=\"93fc454\" data-element_type=\"container\" data-e-type=\"container\">\n\t\t\t\t<div class=\"elementor-element elementor-element-16060b9 elementor-align-left elementor-widget__width-auto elementor-widget elementor-widget-elementskit-button\" data-id=\"16060b9\" data-element_type=\"widget\" data-e-type=\"widget\" data-settings=\"{&quot;ekit_we_effect_on&quot;:&quot;none&quot;}\" data-widget_type=\"elementskit-button.default\">\n\t\t\t\t\t<div class=\"ekit-wid-con\" >\t\t<div class=\"ekit-btn-wraper\">\n\t\t\t\t\t\t\t<a href=\"https:\/\/vincio-es.com\/vincio-equipment\/\" target=\"_blank\" class=\"elementskit-btn  whitespace--normal\" id=\"\">\n\t\t\t\t\tEN SAVOIR PLUS <i class=\"far fa-arrow-alt-circle-right\"><\/i>\t\t\t\t<\/a>\n\t\t\t\t\t<\/div>\n        <\/div>\t\t\t\t<\/div>\n\t\t\t\t<\/div>\n\t\t\t\t<\/div>\n\t\t\t\t\t<\/div>\n\t\t\t\t<\/div>\n\t\t\t\t<\/div>\n\t\t\t\t\t<\/div>\n\t\t\t\t<\/div>\n\t\t\t\t<\/div>\n\t\t\t\t\t\t\t<\/div>\n\t\t\t\t\t\t<\/div>\n\t\t    \n\t\t\t\t\t\t<\/div>\n\t\t\t\t\t\t\t\t\t\t\t<div class=\"swiper-slide ekit-swiper-slide elementor-repeater-item-74e9500\" role=\"group\" aria-roledescription=\"slide\" aria-hidden=\"true\">\n\t\t\t\t\t\t\t\n\t\t<div class=\"widgetarea_warper widgetarea_warper_editable\" data-elementskit-widgetarea-key=\"c674099\"  data-elementskit-widgetarea-index=\"74e9500\">\n\t\t\t\n\t\t\t\n\t\t\t\t\t\t\t\t<div class=\"ekit-widget-area-container\">\n\t\t\t\t\t\t\t<div data-elementor-type=\"wp-post\" data-elementor-id=\"31370\" class=\"elementor elementor-31370\" data-elementor-post-type=\"elementskit_content\">\n\t\t\t\t<div class=\"elementor-element elementor-element-87f3f7f e-flex e-con-boxed e-con e-parent\" data-id=\"87f3f7f\" data-element_type=\"container\" data-e-type=\"container\">\n\t\t\t\t\t<div class=\"e-con-inner\">\n\t\t<div class=\"elementor-element elementor-element-7747079 e-con-full e-flex e-con e-child\" data-id=\"7747079\" data-element_type=\"container\" data-e-type=\"container\">\n\t\t<div class=\"elementor-element elementor-element-9af73ec hero-section e-flex e-con-boxed e-con e-child\" data-id=\"9af73ec\" data-element_type=\"container\" data-e-type=\"container\" data-settings=\"{&quot;background_background&quot;:&quot;video&quot;,&quot;background_video_link&quot;:&quot;https:\\\/\\\/vincio-es.com\\\/wp-content\\\/uploads\\\/2026\\\/03\\\/banniere-accompagnement-mobile-Video-mobile.mp4&quot;,&quot;background_play_on_mobile&quot;:&quot;yes&quot;}\">\n\t\t\t\t\t<div class=\"e-con-inner\">\n\t\t<div class=\"elementor-background-video-container\">\n\t\t\t\t\t\t\t<video class=\"elementor-background-video-hosted\" role=\"presentation\" autoplay muted playsinline loop><\/video>\n\t\t\t\t\t<\/div><div class=\"elementor-element elementor-element-d9868e6 e-con-full e-flex e-con e-child\" data-id=\"d9868e6\" data-element_type=\"container\" data-e-type=\"container\">\n\t\t\t\t<div class=\"elementor-element elementor-element-c630450 elementor-widget elementor-widget-elementskit-fancy-animated-text\" data-id=\"c630450\" data-element_type=\"widget\" data-e-type=\"widget\" data-settings=\"{&quot;ekit_we_effect_on&quot;:&quot;none&quot;}\" data-widget_type=\"elementskit-fancy-animated-text.default\">\n\t\t\t\t<div class=\"elementor-widget-container\">\n\t\t\t\t\t<div class=\"ekit-wid-con\" >            <h1 class=\"ekit-fancy-text push\" data-id=\"c630450\" data-animation-settings=\"{&quot;animationStyle&quot;:&quot;animated&quot;,&quot;animationDelay&quot;:2000,&quot;loadingBar&quot;:3800,&quot;lettersDelay&quot;:50,&quot;typeLettersDelay&quot;:150,&quot;duration&quot;:500,&quot;revealDuration&quot;:600,&quot;revealAnimationDelay&quot;:1500}\">\n                \t\t\t<span class=\"ekit-fancy-prefix-text\">\n\t\t\t\tUN ACCOMPAGNEMENT\t\t\t<\/span>\n\t\t\t\t\t\t<span class=\"ekit-fancy-text-lists \">\n\t\t\t\t\t\t\t\t\t\t<b class=\"ekit-fancy-text elementor-repeater-item-b9b00af is-visible\">TECHNIQUE<\/b>\n\t\t\t\t\t\t\t\t\t\t<b class=\"ekit-fancy-text elementor-repeater-item-7c0a76c \">SUR MESURE<\/b>\n\t\t\t\t\t\t\t\t\t<\/span>\n\t\t\t            <\/h1>\n        <\/div>\t\t\t\t<\/div>\n\t\t\t\t<\/div>\n\t\t\t\t<div class=\"elementor-element elementor-element-f827bbc elementor-widget elementor-widget-elementskit-heading\" data-id=\"f827bbc\" data-element_type=\"widget\" data-e-type=\"widget\" data-settings=\"{&quot;ekit_we_effect_on&quot;:&quot;css&quot;}\" data-widget_type=\"elementskit-heading.default\">\n\t\t\t\t\t<div class=\"ekit-wid-con\" ><div class=\"ekit-heading elementskit-section-title-wraper text_left   ekit_heading_tablet-   ekit_heading_mobile-\">\t\t\t\t<div class='ekit-heading__description'>\n\t\t\t\t\t<p>Nos professionnels qualifi\u00e9s vous accompagnent \u00e0 chaque \u00e9tape.<\/p>\n\t\t\t\t<\/div>\n\t\t\t<\/div><\/div>\t\t\t\t<\/div>\n\t\t<div class=\"elementor-element elementor-element-c1ec01f e-con-full e-flex e-con e-child\" data-id=\"c1ec01f\" data-element_type=\"container\" data-e-type=\"container\">\n\t\t\t\t<div class=\"elementor-element elementor-element-5f6540c elementor-align-left elementor-widget__width-auto elementor-widget elementor-widget-elementskit-button\" data-id=\"5f6540c\" data-element_type=\"widget\" data-e-type=\"widget\" data-settings=\"{&quot;ekit_we_effect_on&quot;:&quot;none&quot;}\" data-widget_type=\"elementskit-button.default\">\n\t\t\t\t\t<div class=\"ekit-wid-con\" >\t\t<div class=\"ekit-btn-wraper\">\n\t\t\t\t\t\t\t<a href=\"https:\/\/vincio-es.com\/contact\/\" target=\"_blank\" class=\"elementskit-btn  whitespace--normal\" id=\"\">\n\t\t\t\t\tdiscutons de votre projet<i class=\"far fa-arrow-alt-circle-right\"><\/i>\t\t\t\t<\/a>\n\t\t\t\t\t<\/div>\n        <\/div>\t\t\t\t<\/div>\n\t\t\t\t<\/div>\n\t\t\t\t<\/div>\n\t\t\t\t\t<\/div>\n\t\t\t\t<\/div>\n\t\t\t\t<\/div>\n\t\t\t\t\t<\/div>\n\t\t\t\t<\/div>\n\t\t\t\t<\/div>\n\t\t\t\t\t\t\t<\/div>\n\t\t\t\t\t\t<\/div>\n\t\t    \n\t\t\t\t\t\t<\/div>\n\t\t\t\t\t\t\t\t\t\t\t<div class=\"swiper-slide ekit-swiper-slide elementor-repeater-item-9b967f6\" role=\"group\" aria-roledescription=\"slide\" aria-hidden=\"true\">\n\t\t\t\t\t\t\t\n\t\t<div class=\"widgetarea_warper widgetarea_warper_editable\" data-elementskit-widgetarea-key=\"c674099\"  data-elementskit-widgetarea-index=\"9b967f6\">\n\t\t\t\n\t\t\t\n\t\t\t\t\t\t\t\t<div class=\"ekit-widget-area-container\">\n\t\t\t\t\t\t\t<div data-elementor-type=\"wp-post\" data-elementor-id=\"31374\" class=\"elementor elementor-31374\" data-elementor-post-type=\"elementskit_content\">\n\t\t\t\t<div class=\"elementor-element elementor-element-be00985 e-flex e-con-boxed e-con e-parent\" data-id=\"be00985\" data-element_type=\"container\" data-e-type=\"container\">\n\t\t\t\t\t<div class=\"e-con-inner\">\n\t\t<div class=\"elementor-element elementor-element-bd29ea3 e-con-full e-flex e-con e-child\" data-id=\"bd29ea3\" data-element_type=\"container\" data-e-type=\"container\">\n\t\t<div class=\"elementor-element elementor-element-950b706 hero-section e-flex e-con-boxed e-con e-child\" data-id=\"950b706\" data-element_type=\"container\" data-e-type=\"container\" data-settings=\"{&quot;background_background&quot;:&quot;video&quot;,&quot;background_video_link&quot;:&quot;https:\\\/\\\/vincio-es.com\\\/wp-content\\\/uploads\\\/2026\\\/03\\\/banniere-3.mp4&quot;,&quot;background_play_on_mobile&quot;:&quot;yes&quot;}\">\n\t\t\t\t\t<div class=\"e-con-inner\">\n\t\t<div class=\"elementor-background-video-container\">\n\t\t\t\t\t\t\t<video class=\"elementor-background-video-hosted\" role=\"presentation\" autoplay muted playsinline loop><\/video>\n\t\t\t\t\t<\/div><div class=\"elementor-element elementor-element-9a67516 e-con-full e-flex e-con e-child\" data-id=\"9a67516\" data-element_type=\"container\" data-e-type=\"container\" data-settings=\"{&quot;background_background&quot;:&quot;video&quot;}\">\n\t\t\t\t<div class=\"elementor-element elementor-element-5643a6b elementor-widget elementor-widget-elementskit-fancy-animated-text\" data-id=\"5643a6b\" data-element_type=\"widget\" data-e-type=\"widget\" data-settings=\"{&quot;ekit_we_effect_on&quot;:&quot;none&quot;}\" data-widget_type=\"elementskit-fancy-animated-text.default\">\n\t\t\t\t<div class=\"elementor-widget-container\">\n\t\t\t\t\t<div class=\"ekit-wid-con\" >            <h1 class=\"ekit-fancy-text push\" data-id=\"5643a6b\" data-animation-settings=\"{&quot;animationStyle&quot;:&quot;animated&quot;,&quot;animationDelay&quot;:2000,&quot;loadingBar&quot;:3800,&quot;lettersDelay&quot;:50,&quot;typeLettersDelay&quot;:150,&quot;duration&quot;:500,&quot;revealDuration&quot;:600,&quot;revealAnimationDelay&quot;:1500}\">\n                \t\t\t<span class=\"ekit-fancy-prefix-text\">\n\t\t\t\tUN R\u00c9SEAU DE\t\t\t<\/span>\n\t\t\t\t\t\t<span class=\"ekit-fancy-text-lists \">\n\t\t\t\t\t\t\t\t\t\t<b class=\"ekit-fancy-text elementor-repeater-item-b9b00af is-visible\">DISTRIBUTION INTERNATIONALE<\/b>\n\t\t\t\t\t\t\t\t\t\t<b class=\"ekit-fancy-text elementor-repeater-item-6105cfd \">D\u00c9PLOIEMENT INTERNATIONAL<\/b>\n\t\t\t\t\t\t\t\t\t<\/span>\n\t\t\t            <\/h1>\n        <\/div>\t\t\t\t<\/div>\n\t\t\t\t<\/div>\n\t\t\t\t<div class=\"elementor-element elementor-element-fe618e6 elementor-widget elementor-widget-elementskit-heading\" data-id=\"fe618e6\" data-element_type=\"widget\" data-e-type=\"widget\" data-settings=\"{&quot;ekit_we_effect_on&quot;:&quot;css&quot;}\" data-widget_type=\"elementskit-heading.default\">\n\t\t\t\t\t<div class=\"ekit-wid-con\" ><div class=\"ekit-heading elementskit-section-title-wraper text_left   ekit_heading_tablet-   ekit_heading_mobile-text_left\">\t\t\t\t<div class='ekit-heading__description'>\n\t\t\t\t\t<p>Acheminement international et intervention de nos \u00e9quipes partout dans le monde.<\/p>\n\t\t\t\t<\/div>\n\t\t\t<\/div><\/div>\t\t\t\t<\/div>\n\t\t<div class=\"elementor-element elementor-element-f5c9acb e-con-full e-flex e-con e-child\" data-id=\"f5c9acb\" data-element_type=\"container\" data-e-type=\"container\">\n\t\t\t\t<div class=\"elementor-element elementor-element-679790d elementor-align-left elementor-widget__width-auto elementor-widget elementor-widget-elementskit-button\" data-id=\"679790d\" data-element_type=\"widget\" data-e-type=\"widget\" data-settings=\"{&quot;ekit_we_effect_on&quot;:&quot;none&quot;}\" data-widget_type=\"elementskit-button.default\">\n\t\t\t\t\t<div class=\"ekit-wid-con\" >\t\t<div class=\"ekit-btn-wraper\">\n\t\t\t\t\t\t\t<a href=\"https:\/\/vincio-es.com\/contact\/\" target=\"_blank\" class=\"elementskit-btn  whitespace--normal\" id=\"\">\n\t\t\t\t\tEN SAVOIR PLUS <i class=\"far fa-arrow-alt-circle-right\"><\/i>\t\t\t\t<\/a>\n\t\t\t\t\t<\/div>\n        <\/div>\t\t\t\t<\/div>\n\t\t\t\t<\/div>\n\t\t\t\t<\/div>\n\t\t\t\t\t<\/div>\n\t\t\t\t<\/div>\n\t\t\t\t<\/div>\n\t\t\t\t\t<\/div>\n\t\t\t\t<\/div>\n\t\t\t\t<\/div>\n\t\t\t\t\t\t\t<\/div>\n\t\t\t\t\t\t<\/div>\n\t\t    \n\t\t\t\t\t\t<\/div>\n\t\t\t\t\t\t\t\t\t<\/div>\n\n\t\t\t\t\t\t\t\t\t<!-- next \/ prev arrows -->\n\t\t\t\t<div class=\"ekit-swiper-arrow-button\">\n\t\t\t\t\t<div class=\"swiper-nav-button swiper-button-next\" role=\"button\" tabindex=\"0\" aria-label=\"Next slide\"> \n\t\t\t\t\t\t<i aria-hidden=\"true\" class=\"eicon-chevron-right\"><\/i>\t\t\t\t\t<\/div>\n\t\t\t\t\t<div class=\"swiper-nav-button swiper-button-prev\" role=\"button\" tabindex=\"0\" aria-label=\"Previous slide\">\n\t\t\t\t\t\t<i aria-hidden=\"true\" class=\"eicon-chevron-left\"><\/i>\t\t\t\t    <\/div>\n                <\/div>\n\t\t\t\t\t<!-- !next \/ prev arrows -->\n\t\t\t\t\n\t\t\t\t\t\t\t\t\t<div class=\"swiper-pagination ekit-swiper-pagination\"><\/div>\n\t\t\t\t\n                \t\t\t<\/div>\n\n\t\t<\/div>\n\n\t\t<\/div>\t\t\t\t<\/div>\n\t\t\t\t\t<\/div>\n\t\t\t\t<\/div>\n\t\t\t\t<\/div>\n\t\t","protected":false},"excerpt":{"rendered":"<p>TOUS TYPES D&#039;\u00c9QUIPEMENTS DE FOURNITURES DE MATI\u00c8RES PREMI\u00c8RES POUR TOUS TYPES D&rsquo;INDUSTRIES Votre interlocuteur unique pour des solutions industrielles cl\u00e9s en main. Discutons de votre projet UN ACCOMPAGNEMENT TECHNIQUE SUR MESURE Nos professionnels qualifi\u00e9s vous accompagnent \u00e0 chaque \u00e9tape. discutons de votre projet UN R\u00c9SEAU DE DISTRIBUTION INTERNATIONALE D\u00c9PLOIEMENT INTERNATIONAL Acheminement international et intervention de [&hellip;]<\/p>\n","protected":false},"author":1,"featured_media":0,"parent":0,"menu_order":0,"comment_status":"closed","ping_status":"closed","template":"","meta":{"_eb_attr":"","footnotes":""},"class_list":["post-31278","page","type-page","status-publish","hentry"],"yoast_head":"<!-- This site is optimized with the Yoast SEO plugin v27.4 - https:\/\/yoast.com\/product\/yoast-seo-wordpress\/ -->\n<title>Test hero slider 2 - Vincio Equipment &amp; Services<\/title>\n<meta name=\"robots\" content=\"index, follow, max-snippet:-1, max-image-preview:large, max-video-preview:-1\" \/>\n<link rel=\"canonical\" href=\"https:\/\/vincio-es.com\/en\/test-hero-slider-2\/\" \/>\n<meta property=\"og:locale\" content=\"en_GB\" \/>\n<meta property=\"og:type\" content=\"article\" \/>\n<meta property=\"og:title\" content=\"Test hero slider 2 - Vincio Equipment &amp; Services\" \/>\n<meta property=\"og:description\" content=\"TOUS TYPES D&#039;\u00c9QUIPEMENTS DE FOURNITURES DE MATI\u00c8RES PREMI\u00c8RES POUR TOUS TYPES D&rsquo;INDUSTRIES Votre interlocuteur unique pour des solutions industrielles cl\u00e9s en main. Discutons de votre projet UN ACCOMPAGNEMENT TECHNIQUE SUR MESURE Nos professionnels qualifi\u00e9s vous accompagnent \u00e0 chaque \u00e9tape. discutons de votre projet UN R\u00c9SEAU DE DISTRIBUTION INTERNATIONALE D\u00c9PLOIEMENT INTERNATIONAL Acheminement international et intervention de [&hellip;]\" \/>\n<meta property=\"og:url\" content=\"https:\/\/vincio-es.com\/en\/test-hero-slider-2\/\" \/>\n<meta property=\"og:site_name\" content=\"Vincio\" \/>\n<meta property=\"article:modified_time\" content=\"2026-03-09T13:15:22+00:00\" \/>\n<meta name=\"twitter:card\" content=\"summary_large_image\" \/>\n<meta name=\"twitter:label1\" content=\"Estimated reading time\" \/>\n\t<meta name=\"twitter:data1\" content=\"1 minute\" \/>\n<script type=\"application\/ld+json\" class=\"yoast-schema-graph\">{\"@context\":\"https:\\\/\\\/schema.org\",\"@graph\":[{\"@type\":\"WebPage\",\"@id\":\"https:\\\/\\\/vincio-es.com\\\/test-hero-slider-2\\\/\",\"url\":\"https:\\\/\\\/vincio-es.com\\\/test-hero-slider-2\\\/\",\"name\":\"Test hero slider 2 - Vincio Equipment & Services\",\"isPartOf\":{\"@id\":\"https:\\\/\\\/vincio-es.com\\\/#website\"},\"datePublished\":\"2026-02-25T10:35:25+00:00\",\"dateModified\":\"2026-03-09T13:15:22+00:00\",\"breadcrumb\":{\"@id\":\"https:\\\/\\\/vincio-es.com\\\/test-hero-slider-2\\\/#breadcrumb\"},\"inLanguage\":\"en-GB\",\"potentialAction\":[{\"@type\":\"ReadAction\",\"target\":[\"https:\\\/\\\/vincio-es.com\\\/test-hero-slider-2\\\/\"]}]},{\"@type\":\"BreadcrumbList\",\"@id\":\"https:\\\/\\\/vincio-es.com\\\/test-hero-slider-2\\\/#breadcrumb\",\"itemListElement\":[{\"@type\":\"ListItem\",\"position\":1,\"name\":\"Home\",\"item\":\"https:\\\/\\\/vincio-es.com\\\/\"},{\"@type\":\"ListItem\",\"position\":2,\"name\":\"Test hero slider 2\"}]},{\"@type\":\"WebSite\",\"@id\":\"https:\\\/\\\/vincio-es.com\\\/#website\",\"url\":\"https:\\\/\\\/vincio-es.com\\\/\",\"name\":\"Vincio Equipment & Services\",\"description\":\"Votre cr\u00e9ateur de liens\",\"alternateName\":\"Vincio\",\"potentialAction\":[{\"@type\":\"SearchAction\",\"target\":{\"@type\":\"EntryPoint\",\"urlTemplate\":\"https:\\\/\\\/vincio-es.com\\\/?s={search_term_string}\"},\"query-input\":{\"@type\":\"PropertyValueSpecification\",\"valueRequired\":true,\"valueName\":\"search_term_string\"}}],\"inLanguage\":\"en-GB\"}]}<\/script>\n<!-- \/ Yoast SEO plugin. -->","yoast_head_json":{"title":"Test hero slider 2 - Vincio Equipment & Services","robots":{"index":"index","follow":"follow","max-snippet":"max-snippet:-1","max-image-preview":"max-image-preview:large","max-video-preview":"max-video-preview:-1"},"canonical":"https:\/\/vincio-es.com\/en\/test-hero-slider-2\/","og_locale":"en_GB","og_type":"article","og_title":"Test hero slider 2 - Vincio Equipment & Services","og_description":"TOUS TYPES D&#039;\u00c9QUIPEMENTS DE FOURNITURES DE MATI\u00c8RES PREMI\u00c8RES POUR TOUS TYPES D&rsquo;INDUSTRIES Votre interlocuteur unique pour des solutions industrielles cl\u00e9s en main. Discutons de votre projet UN ACCOMPAGNEMENT TECHNIQUE SUR MESURE Nos professionnels qualifi\u00e9s vous accompagnent \u00e0 chaque \u00e9tape. discutons de votre projet UN R\u00c9SEAU DE DISTRIBUTION INTERNATIONALE D\u00c9PLOIEMENT INTERNATIONAL Acheminement international et intervention de [&hellip;]","og_url":"https:\/\/vincio-es.com\/en\/test-hero-slider-2\/","og_site_name":"Vincio","article_modified_time":"2026-03-09T13:15:22+00:00","twitter_card":"summary_large_image","twitter_misc":{"Estimated reading time":"1 minute"},"schema":{"@context":"https:\/\/schema.org","@graph":[{"@type":"WebPage","@id":"https:\/\/vincio-es.com\/test-hero-slider-2\/","url":"https:\/\/vincio-es.com\/test-hero-slider-2\/","name":"Test hero slider 2 - Vincio Equipment & Services","isPartOf":{"@id":"https:\/\/vincio-es.com\/#website"},"datePublished":"2026-02-25T10:35:25+00:00","dateModified":"2026-03-09T13:15:22+00:00","breadcrumb":{"@id":"https:\/\/vincio-es.com\/test-hero-slider-2\/#breadcrumb"},"inLanguage":"en-GB","potentialAction":[{"@type":"ReadAction","target":["https:\/\/vincio-es.com\/test-hero-slider-2\/"]}]},{"@type":"BreadcrumbList","@id":"https:\/\/vincio-es.com\/test-hero-slider-2\/#breadcrumb","itemListElement":[{"@type":"ListItem","position":1,"name":"Home","item":"https:\/\/vincio-es.com\/"},{"@type":"ListItem","position":2,"name":"Test hero slider 2"}]},{"@type":"WebSite","@id":"https:\/\/vincio-es.com\/#website","url":"https:\/\/vincio-es.com\/","name":"Vincio Equipment & Services","description":"Votre cr\u00e9ateur de liens","alternateName":"Vincio","potentialAction":[{"@type":"SearchAction","target":{"@type":"EntryPoint","urlTemplate":"https:\/\/vincio-es.com\/?s={search_term_string}"},"query-input":{"@type":"PropertyValueSpecification","valueRequired":true,"valueName":"search_term_string"}}],"inLanguage":"en-GB"}]}},"_links":{"self":[{"href":"https:\/\/vincio-es.com\/en\/wp-json\/wp\/v2\/pages\/31278","targetHints":{"allow":["GET"]}}],"collection":[{"href":"https:\/\/vincio-es.com\/en\/wp-json\/wp\/v2\/pages"}],"about":[{"href":"https:\/\/vincio-es.com\/en\/wp-json\/wp\/v2\/types\/page"}],"author":[{"embeddable":true,"href":"https:\/\/vincio-es.com\/en\/wp-json\/wp\/v2\/users\/1"}],"replies":[{"embeddable":true,"href":"https:\/\/vincio-es.com\/en\/wp-json\/wp\/v2\/comments?post=31278"}],"version-history":[{"count":0,"href":"https:\/\/vincio-es.com\/en\/wp-json\/wp\/v2\/pages\/31278\/revisions"}],"wp:attachment":[{"href":"https:\/\/vincio-es.com\/en\/wp-json\/wp\/v2\/media?parent=31278"}],"curies":[{"name":"wp","href":"https:\/\/api.w.org\/{rel}","templated":true}]}}